{"id":149,"date":"2020-04-18T15:27:23","date_gmt":"2020-04-18T15:27:23","guid":{"rendered":"http:\/\/chironis.com\/?page_id=149"},"modified":"2020-04-18T15:41:32","modified_gmt":"2020-04-18T15:41:32","slug":"imex28","status":"publish","type":"page","link":"https:\/\/chironis.com\/?page_id=149","title":{"rendered":"IMEX28\u00ae"},"content":{"rendered":"\n<p class=\"has-text-color has-normal-font-size has-primary-color\"><strong>IMEX28\u00ae&nbsp;&#8211; &#8220;Interim Management-Excellence&#8221;<\/strong><\/p>\n\n\n\n<p class=\"has-small-font-size\">ist der Qualit\u00e4tsansatz f\u00fcr die Umsetzung von Interim Management-L\u00f6sungen. Er orientiert sich an den Grunds\u00e4tzen unternehmensinterner Qualit\u00e4tsans\u00e4tze zur Prozess-Optimierung wie z.B. Six Sigma, TQM.<\/p>\n\n\n\n<p class=\"has-small-font-size\">Somit wird gew\u00e4hrleistet, dass durch den Interim Management-Einsatz der unternehmensinterne Qualit\u00e4tsstandard im jeweiligen Projekt erhalten bleibt und gesteigert wird. Durch den Interim Management-Einsatz wird dadurch ein signifikanter Nutzen auf Kundenseite geschaffen.<\/p>\n\n\n\n<div class=\"wp-block-image\"><figure class=\"aligncenter size-medium is-resized\"><img fetchpriority=\"high\" decoding=\"async\" src=\"https:\/\/chironis.com\/wp-content\/uploads\/2020\/04\/Bild-Blume-IMEX-300x201.jpg\" alt=\"\" class=\"wp-image-118\" width=\"372\" height=\"249\" srcset=\"https:\/\/chironis.com\/wp-content\/uploads\/2020\/04\/Bild-Blume-IMEX-300x201.jpg 300w, https:\/\/chironis.com\/wp-content\/uploads\/2020\/04\/Bild-Blume-IMEX-1024x685.jpg 1024w, https:\/\/chironis.com\/wp-content\/uploads\/2020\/04\/Bild-Blume-IMEX-768x514.jpg 768w, https:\/\/chironis.com\/wp-content\/uploads\/2020\/04\/Bild-Blume-IMEX-1536x1028.jpg 1536w, https:\/\/chironis.com\/wp-content\/uploads\/2020\/04\/Bild-Blume-IMEX-2048x1371.jpg 2048w, https:\/\/chironis.com\/wp-content\/uploads\/2020\/04\/Bild-Blume-IMEX-1568x1050.jpg 1568w\" sizes=\"(max-width: 372px) 100vw, 372px\" \/><\/figure><\/div>\n\n\n\n<p><\/p>\n\n\n\n<p class=\"has-small-font-size\"><strong>IMEX28\u00ae <\/strong>ist ein speziell f\u00fcr den Bereich Interim Management entwickeltes Kompetenz-Modell. Es misst spezifische Interim Management-Kompetenzen und damit die Basis zur Potentialermittlung und Potentialbewertung f\u00fcr aktive und potentielle Interim Manager(innen).<\/p>\n\n\n\n<p class=\"has-small-font-size\">Es wurde von dem Expertenteam des Hauses Chironis GmbH auf der Basis von ASSESS entwickelt. ASSESS ist ein kompetenzbasiertes Pers\u00f6nlichkeitsmessverfahren zur Berufseignungsdiagnostik, das von Bigby, Havis &amp; Associates, ein auf Testverfahren und Assessmentcenter spezialisiertes Beratungsunternehmen entwickelt wurde.<\/p>\n\n\n\n<p class=\"has-small-font-size\"><strong>IMEX28\u00ae<\/strong> ist webbasiert und somit jederzeit an jedem Ort weltweit einsetzbar.<\/p>\n\n\n\n<p class=\"has-small-font-size\">Neben der deutschsprachigen Version ist es auch in englischer Sprache verf\u00fcgbar. <strong>IMEX28\u00ae<\/strong> ist ein Produkt des Interim Solution Spezialisten Chironis GmbH und wird von diesem exklusiv angeboten.<\/p>\n\n\n\n<p class=\"has-small-font-size\"><strong>Mehr Informationen &#8211; hier geht es zu <a href=\"http:\/\/www.imex28.com\">IMEX28\u00ae<\/a><\/strong><\/p>\n","protected":false},"excerpt":{"rendered":"<p>IMEX28\u00ae&nbsp;&#8211; &#8220;Interim Management-Excellence&#8221; ist der Qualit\u00e4tsansatz f\u00fcr die Umsetzung von Interim Management-L\u00f6sungen. Er orientiert sich an den Grunds\u00e4tzen unternehmensinterner Qualit\u00e4tsans\u00e4tze zur Prozess-Optimierung wie z.B. Six Sigma, TQM. Somit wird gew\u00e4hrleistet, dass durch den Interim Management-Einsatz der unternehmensinterne Qualit\u00e4tsstandard im jeweiligen Projekt erhalten bleibt und gesteigert wird. Durch den Interim Management-Einsatz wird dadurch ein signifikanter Nutzen [&hellip;]<\/p>\n","protected":false},"author":2,"featured_media":0,"parent":0,"menu_order":0,"comment_status":"closed","ping_status":"closed","template":"","meta":{"footnotes":""},"_links":{"self":[{"href":"https:\/\/chironis.com\/index.php?rest_route=\/wp\/v2\/pages\/149"}],"collection":[{"href":"https:\/\/chironis.com\/index.php?rest_route=\/wp\/v2\/pages"}],"about":[{"href":"https:\/\/chironis.com\/index.php?rest_route=\/wp\/v2\/types\/page"}],"author":[{"embeddable":true,"href":"https:\/\/chironis.com\/index.php?rest_route=\/wp\/v2\/users\/2"}],"replies":[{"embeddable":true,"href":"https:\/\/chironis.com\/index.php?rest_route=%2Fwp%2Fv2%2Fcomments&post=149"}],"version-history":[{"count":4,"href":"https:\/\/chironis.com\/index.php?rest_route=\/wp\/v2\/pages\/149\/revisions"}],"predecessor-version":[{"id":157,"href":"https:\/\/chironis.com\/index.php?rest_route=\/wp\/v2\/pages\/149\/revisions\/157"}],"wp:attachment":[{"href":"https:\/\/chironis.com\/index.php?rest_route=%2Fwp%2Fv2%2Fmedia&parent=149"}],"curies":[{"name":"wp","href":"https:\/\/api.w.org\/{rel}","templated":true}]}}